{"id":1295,"date":"2025-03-12T17:26:57","date_gmt":"2025-03-12T17:26:57","guid":{"rendered":"https:\/\/yumiwi.com\/?page_id=1295"},"modified":"2025-03-12T17:33:18","modified_gmt":"2025-03-12T17:33:18","slug":"politica-de-seguridad-de-la-informacion","status":"publish","type":"page","link":"https:\/\/yumiwi.com\/es\/politica-de-seguridad-de-la-informacion\/","title":{"rendered":"Pol\u00edtica de seguridad de la informaci\u00f3n"},"content":{"rendered":"<p>[et_pb_section fb_built=\u00bb1&#8243; _builder_version=\u00bb4.24.0&#8243; _module_preset=\u00bbdefault\u00bb global_colors_info=\u00bb{}\u00bb][et_pb_row _builder_version=\u00bb4.24.0&#8243; _module_preset=\u00bbdefault\u00bb min_height=\u00bb998.7px\u00bb custom_margin=\u00bb|auto|0px|auto||\u00bb global_colors_info=\u00bb{}\u00bb][et_pb_column type=\u00bb4_4&#8243; _builder_version=\u00bb4.24.0&#8243; _module_preset=\u00bbdefault\u00bb global_colors_info=\u00bb{}\u00bb][et_pb_text _builder_version=\u00bb4.27.4&#8243; _module_preset=\u00bbdefault\u00bb text_font=\u00bbArchivo Black||||||||\u00bb custom_padding=\u00bb1px||0px|||\u00bb global_colors_info=\u00bb{}\u00bb]<\/p>\n<h1>Pol\u00edtica de seguridad de la informaci\u00f3n<\/h1>\n<p>[\/et_pb_text][et_pb_text _builder_version=\u00bb4.24.0&#8243; _module_preset=\u00bbdefault\u00bb text_font=\u00bbHind||||||||\u00bb text_font_size=\u00bb18px\u00bb text_line_height=\u00bb1.2em\u00bb custom_padding=\u00bb||0px|||\u00bb global_colors_info=\u00bb{}\u00bb]<\/p>\n<p>El prop\u00f3sito de esta pol\u00edtica de seguridad de la informaci\u00f3n es proteger los activos de informaci\u00f3n de Yumiwi Data, en particular, los sistemas de informaci\u00f3n que dan soporte a los servicios de plataforma de gesti\u00f3n de eventos para la digitalizaci\u00f3n de datos. Esta pol\u00edtica est\u00e1 alineada con la direcci\u00f3n estrat\u00e9gica de Yumiwi Data y busca apoyar los objetivos de negocio de la empresa a trav\u00e9s de la gesti\u00f3n adecuada de la seguridad de la informaci\u00f3n.\u00a0\u00a0<\/p>\n<p><strong>Yumiwi Data se compromete a:\u00a0\u00a0<\/strong><\/p>\n<ul>\n<li><span>Establecer,\u202fimplementar,\u202fmantener y mejorar continuamente un sistema de gesti\u00f3n de seguridad de la informaci\u00f3n.\u00a0\u00a0<\/span><\/li>\n<li><span>Proteger la informaci\u00f3n contra p\u00e9rdidas de disponibilidad, confidencialidad e integridad.\u00a0\u00a0<\/span><\/li>\n<li><span>Evaluar y gestionar los riesgos de seguridad de la informaci\u00f3n de forma sistem\u00e1tica y peri\u00f3dica, implementando controles adecuados para mitigar los riesgos identificados.\u00a0\u00a0<\/span><\/li>\n<li><span>Cumplir los requisitos legales aplicables,\u202flos requisitos aplicables a la seguridad de la informaci\u00f3n y los sistemas de informaci\u00f3n,\u202flas expectativas de los clientes y los compromisos contractuales, en cuanto a la protecci\u00f3n de seguridad de la informaci\u00f3n.\u00a0\u00a0<\/span><\/li>\n<li><span>Asegurar que esta pol\u00edtica sea comunicada a todo el personal de Yumiwi Data y a otras partes interesadas.\u00a0\u00a0<\/span><\/li>\n<li><span>Revisar peri\u00f3dicamente esta pol\u00edtica para asegurar su adecuaci\u00f3n y eficacia continua.\u00a0\u00a0<\/span><\/li>\n<li><span>Implementar un proceso de mejora continua para evaluar y ajustar la pol\u00edtica y los controles de seguridad en respuesta a cambios en el entorno de la empresa, avances tecnol\u00f3gicos y lecciones aprendidas de incidentes de seguridad.\u00a0\u00a0<\/span><\/li>\n<li><span>Fomentar una cultura de seguridad de la informaci\u00f3n en toda la organizaci\u00f3n.\u00a0\u00a0<\/span><\/li>\n<li><span>Proporcionar formaci\u00f3n y concienciaci\u00f3n continua a todos los empleados sobre las mejoras pr\u00e1cticas en seguridad de la informaci\u00f3n y sus responsabilidades individuales en la protecci\u00f3n de los activos de informaci\u00f3n de la empresa.\u00a0\u00a0<\/span><\/li>\n<li><span>Mantener el software actualizado de manera sistem\u00e1tica, instalando las \u00faltimas versiones y parches de seguridad disponibles, para proteger los sistemas contra vulnerabilidades conocidas y reducir el riesgo de incidentes de seguridad\u00a0\u00a0<\/span><\/li>\n<li><span>Establecer procedimientos para la identificaci\u00f3n, reporte, respuesta y recuperaci\u00f3n ante incidentes de seguridad.\u00a0\u00a0<\/span><\/li>\n<li><span>Implementar y mantener un plan de continuidad del negocio y recuperaci\u00f3n ante desastres que garantice la capacidad de la organizaci\u00f3n para continuar operando y recuperarse de interrupciones que puedan afectar la disponibilidad de los servicios y la informaci\u00f3n.\u00a0\u00a0<\/span><\/li>\n<\/ul>\n<p>Cada empleado es responsable de cumplir esta pol\u00edtica y sus procedimientos seg\u00fan aplique a su puesto de trabajo. El no hacerlo puede resultar en una acci\u00f3n disciplinaria.\u00a0\u00a0<\/p>\n<p>Est\u00e1 pol\u00edtica ha sido aprobada por la direcci\u00f3n de Yumiwi Data y se revisar\u00e1 anualmente o ante cualquier cambio significativo en el entorno de la empresa o en los requisitos legales o reglamentarios.\u00a0\u00a0<\/p>\n<p>&nbsp;<\/p>\n<p><strong>Germ\u00e1n Coppola &#8211; Gerente de Yumiwi Data\u00a0\u00a0<\/strong><\/p>\n<p>12 de marzo de 2025\u00a0\u00a0<\/p>\n<p>[\/et_pb_text][\/et_pb_column][\/et_pb_row][\/et_pb_section]<\/p>\n","protected":false},"excerpt":{"rendered":"<p>Pol\u00edtica de seguridad de la informaci\u00f3nEl prop\u00f3sito de esta pol\u00edtica de seguridad de la informaci\u00f3n es proteger los activos de informaci\u00f3n de Yumiwi Data, en particular, los sistemas de informaci\u00f3n que dan soporte a los servicios de plataforma de gesti\u00f3n de eventos para la digitalizaci\u00f3n de datos. Esta pol\u00edtica est\u00e1 alineada con la direcci\u00f3n estrat\u00e9gica [&hellip;]<\/p>\n","protected":false},"author":2,"featured_media":0,"parent":0,"menu_order":0,"comment_status":"closed","ping_status":"closed","template":"","meta":{"_et_pb_use_builder":"on","_et_pb_old_content":"","_et_gb_content_width":"","footnotes":""},"class_list":["post-1295","page","type-page","status-publish","hentry"],"_links":{"self":[{"href":"https:\/\/yumiwi.com\/es\/wp-json\/wp\/v2\/pages\/1295","targetHints":{"allow":["GET"]}}],"collection":[{"href":"https:\/\/yumiwi.com\/es\/wp-json\/wp\/v2\/pages"}],"about":[{"href":"https:\/\/yumiwi.com\/es\/wp-json\/wp\/v2\/types\/page"}],"author":[{"embeddable":true,"href":"https:\/\/yumiwi.com\/es\/wp-json\/wp\/v2\/users\/2"}],"replies":[{"embeddable":true,"href":"https:\/\/yumiwi.com\/es\/wp-json\/wp\/v2\/comments?post=1295"}],"version-history":[{"count":14,"href":"https:\/\/yumiwi.com\/es\/wp-json\/wp\/v2\/pages\/1295\/revisions"}],"predecessor-version":[{"id":1310,"href":"https:\/\/yumiwi.com\/es\/wp-json\/wp\/v2\/pages\/1295\/revisions\/1310"}],"wp:attachment":[{"href":"https:\/\/yumiwi.com\/es\/wp-json\/wp\/v2\/media?parent=1295"}],"curies":[{"name":"wp","href":"https:\/\/api.w.org\/{rel}","templated":true}]}}