{"id":1836,"date":"2025-06-16T23:50:27","date_gmt":"2025-06-16T23:50:27","guid":{"rendered":"https:\/\/yumiwi.com\/?page_id=1836"},"modified":"2026-03-20T10:17:33","modified_gmt":"2026-03-20T10:17:33","slug":"qa","status":"publish","type":"page","link":"https:\/\/yumiwi.com\/es\/qa\/","title":{"rendered":"Q&amp;A"},"content":{"rendered":"<p>[et_pb_section fb_built=\u00bb1&#8243; admin_label=\u00bbHome\u00bb _builder_version=\u00bb4.27.4&#8243; _module_preset=\u00bbdefault\u00bb background_image=\u00bbhttps:\/\/yumiwi.com\/wp-content\/uploads\/2025\/06\/Asset-138@1x.png\u00bb background_position=\u00bbbottom_center\u00bb custom_padding=\u00bb100px||||false|false\u00bb animation_style=\u00bbfade\u00bb background_color_phone=\u00bbRGBA(255,255,255,0)\u00bb background_last_edited=\u00bbon|desktop\u00bb background_enable_color_phone=\u00bbon\u00bb background_image_phone=\u00bbhttps:\/\/yumiwi.com\/wp-content\/uploads\/2025\/06\/Asset-138@1x.png\u00bb background_enable_image_phone=\u00bbon\u00bb parallax_phone=\u00bboff\u00bb locked=\u00bboff\u00bb global_colors_info=\u00bb{}\u00bb][et_pb_row _builder_version=\u00bb4.27.4&#8243; _module_preset=\u00bbdefault\u00bb animation_style=\u00bbfade\u00bb global_colors_info=\u00bb{}\u00bb][et_pb_column type=\u00bb4_4&#8243; _builder_version=\u00bb4.27.4&#8243; _module_preset=\u00bbdefault\u00bb global_colors_info=\u00bb{}\u00bb][et_pb_text content_tablet=\u00bb<\/p>\n<h1 style=%22text-align: center;%22><span style=%22color: #ffffff;%22>Why guess when you can know?<\/span><\/h1>\n<p>\u00bb content_phone=\u00bb<\/p>\n<h1><span style=%22color: #bda55c;%22>Preguntas frecuentes<\/span><\/h1>\n<p>\u00bb content_last_edited=\u00bbon|phone\u00bb _builder_version=\u00bb4.27.4&#8243; _module_preset=\u00bbdefault\u00bb text_font=\u00bb&#8211;et_global_heading_font|700|||||||\u00bb text_text_color=\u00bb#bda55c\u00bb text_font_size=\u00bb80px\u00bb header_font=\u00bb&#8211;et_global_heading_font|900|||||||\u00bb header_text_align=\u00bbcenter\u00bb header_text_color=\u00bb#bda55c\u00bb header_font_size=\u00bb90px\u00bb header_2_font=\u00bb|700|||||||\u00bb header_2_text_align=\u00bbcenter\u00bb header_2_text_color=\u00bb#bda55c\u00bb header_2_font_size=\u00bb62px\u00bb custom_padding=\u00bb||0px||false|false\u00bb text_font_size_tablet=\u00bb42px\u00bb text_font_size_phone=\u00bb34px\u00bb text_font_size_last_edited=\u00bbon|phone\u00bb header_font_size_tablet=\u00bb54px\u00bb header_font_size_phone=\u00bb40px\u00bb header_font_size_last_edited=\u00bbon|phone\u00bb global_colors_info=\u00bb{}\u00bb]<\/p>\n<h2 style=\"text-align: center;\"><span style=\"color: #bda55c;\">Preguntas frecuentes<\/span><\/h2>\n<p>[\/et_pb_text][\/et_pb_column][\/et_pb_row][\/et_pb_section][et_pb_section fb_built=\u00bb1&#8243; admin_label=\u00bbFAQ\u00bb _builder_version=\u00bb4.27.4&#8243; background_color=\u00bbRGBA(255,255,255,0)\u00bb background_image=\u00bbhttps:\/\/yumiwi.com\/wp-content\/uploads\/2025\/04\/Asset-101150.png\u00bb background_position=\u00bbtop_center\u00bb animation_style=\u00bbfade\u00bb global_colors_info=\u00bb{}\u00bb][et_pb_row column_structure=\u00bb1_2,1_2&#8243; _builder_version=\u00bb4.27.4&#8243; background_color=\u00bbRGBA(255,255,255,0)\u00bb global_colors_info=\u00bb{}\u00bb][et_pb_column type=\u00bb1_2&#8243; _builder_version=\u00bb4.16&#8243; custom_padding=\u00bb|||\u00bb global_colors_info=\u00bb{}\u00bb custom_padding__hover=\u00bb|||\u00bb][et_pb_toggle title=\u00bb\u00bfQu\u00e9 es Yumiwi?\u00bb closed_toggle_background_color=\u00bbrgba(0,0,0,0)\u00bb icon_color=\u00bb#243c35&#8243; open_icon_color=\u00bb#bda55c\u00bb _builder_version=\u00bb4.27.4&#8243; title_text_color=\u00bb#000000&#8243; title_font=\u00bb&#8211;et_global_heading_font|700||on|||||\u00bb title_font_size=\u00bb16px\u00bb title_letter_spacing=\u00bb2px\u00bb title_line_height=\u00bb1.5em\u00bb body_font=\u00bb||||||||\u00bb body_line_height=\u00bb1.8em\u00bb background_color=\u00bb#FFFFFF\u00bb custom_margin=\u00bb||20px|\u00bb animation_style=\u00bbslide\u00bb animation_direction=\u00bbleft\u00bb animation_delay=\u00bb200ms\u00bb animation_intensity_slide=\u00bb5%\u00bb global_colors_info=\u00bb{}\u00bb]<\/p>\n<p>Yumiwi es una plataforma estrat\u00e9gica de eventos que utiliza IA, integraci\u00f3n con CRM y datos en tiempo real para ayudar a las marcas a convertir los eventos en motores de crecimiento.<\/p>\n<p>[\/et_pb_toggle][et_pb_toggle title=\u00bb\u00bfEn qu\u00e9 se diferencia Yumiwi de Cvent o Eventbrite?\u00bb closed_toggle_background_color=\u00bbrgba(0,0,0,0)\u00bb icon_color=\u00bb#243c35&#8243; open_icon_color=\u00bb#bda55c\u00bb _builder_version=\u00bb4.27.4&#8243; title_text_color=\u00bb#000000&#8243; title_font=\u00bb&#8211;et_global_heading_font|700||on|||||\u00bb title_font_size=\u00bb16px\u00bb title_letter_spacing=\u00bb2px\u00bb title_line_height=\u00bb1.5em\u00bb body_font=\u00bb||||||||\u00bb body_line_height=\u00bb1.8em\u00bb background_color=\u00bb#FFFFFF\u00bb custom_margin=\u00bb||20px|\u00bb animation_style=\u00bbslide\u00bb animation_direction=\u00bbleft\u00bb animation_delay=\u00bb200ms\u00bb animation_intensity_slide=\u00bb5%\u00bb global_colors_info=\u00bb{}\u00bb]<\/p>\n<p>A diferencia de las plataformas tradicionales, Yumiwi se centra en el impacto estrat\u00e9gico, la integraci\u00f3n con CRM y la captura de leads post-evento. Est\u00e1 dise\u00f1ada para impulsar conversiones, no solo para gestionar registros (check-ins).<\/p>\n<p>[\/et_pb_toggle][et_pb_toggle title=\u00bb\u00bfYumiwi se integra con Salesforce o HubSpot?\u00bb closed_toggle_background_color=\u00bbrgba(0,0,0,0)\u00bb icon_color=\u00bb#243c35&#8243; open_icon_color=\u00bb#bda55c\u00bb _builder_version=\u00bb4.27.4&#8243; title_text_color=\u00bb#000000&#8243; title_font=\u00bb&#8211;et_global_heading_font|700||on|||||\u00bb title_font_size=\u00bb16px\u00bb title_letter_spacing=\u00bb2px\u00bb title_line_height=\u00bb1.5em\u00bb body_font=\u00bb||||||||\u00bb body_line_height=\u00bb1.8em\u00bb background_color=\u00bb#FFFFFF\u00bb custom_margin=\u00bb||20px|\u00bb animation_style=\u00bbslide\u00bb animation_direction=\u00bbleft\u00bb animation_delay=\u00bb200ms\u00bb animation_intensity_slide=\u00bb5%\u00bb global_colors_info=\u00bb{}\u00bb]<\/p>\n<p>S\u00ed. Yumiwi se sincroniza con los principales CRMs como Salesforce, HubSpot y ActiveCampaign para la asignaci\u00f3n de leads en tiempo real, segmentaci\u00f3n y seguimientos.<\/p>\n<p>[\/et_pb_toggle][et_pb_toggle title=\u00bb\u00bfQu\u00e9 funcionalidades incluye Yumiwi?\u00bb closed_toggle_background_color=\u00bbrgba(0,0,0,0)\u00bb icon_color=\u00bb#243c35&#8243; open_icon_color=\u00bb#bda55c\u00bb _builder_version=\u00bb4.27.4&#8243; title_text_color=\u00bb#000000&#8243; title_font=\u00bb&#8211;et_global_heading_font|700||on|||||\u00bb title_font_size=\u00bb16px\u00bb title_letter_spacing=\u00bb2px\u00bb title_line_height=\u00bb1.5em\u00bb body_font=\u00bb||||||||\u00bb body_line_height=\u00bb1.8em\u00bb background_color=\u00bb#FFFFFF\u00bb custom_margin=\u00bb||20px|\u00bb animation_style=\u00bbslide\u00bb animation_direction=\u00bbleft\u00bb animation_delay=\u00bb200ms\u00bb animation_intensity_slide=\u00bb5%\u00bb global_colors_info=\u00bb{}\u00bb]<\/p>\n<p>Acceso con NFC y pagos sin efectivo (cashless).<\/p>\n<p>Pases de lealtad para billeteras digitales (Apple\/Google Wallet).<\/p>\n<p>Anal\u00edticas y paneles de control en tiempo real.<\/p>\n<p>Asistentes de IA en WhatsApp.<\/p>\n<p>Experiencias de check-in personalizadas con la marca.<\/p>\n<p>[\/et_pb_toggle][et_pb_toggle title=\u00bb\u00bfSe puede usar Yumiwi para estrenos de cine o eventos VIP?\u00bb closed_toggle_background_color=\u00bbrgba(0,0,0,0)\u00bb icon_color=\u00bb#243c35&#8243; open_icon_color=\u00bb#bda55c\u00bb _builder_version=\u00bb4.27.4&#8243; title_text_color=\u00bb#000000&#8243; title_font=\u00bb&#8211;et_global_heading_font|700||on|||||\u00bb title_font_size=\u00bb16px\u00bb title_letter_spacing=\u00bb2px\u00bb title_line_height=\u00bb1.5em\u00bb body_font=\u00bb||||||||\u00bb body_line_height=\u00bb1.8em\u00bb background_color=\u00bb#FFFFFF\u00bb custom_margin=\u00bb||20px|\u00bb animation_style=\u00bbslide\u00bb animation_direction=\u00bbleft\u00bb animation_delay=\u00bb200ms\u00bb animation_intensity_slide=\u00bb5%\u00bb global_colors_info=\u00bb{}\u00bb]<\/p>\n<p>Por supuesto. Nos especializamos en experiencias premium con asientos asignados, perfilado de invitados y control de acceso de guante blanco.<\/p>\n<p>[\/et_pb_toggle][\/et_pb_column][et_pb_column type=\u00bb1_2&#8243; _builder_version=\u00bb4.16&#8243; custom_padding=\u00bb|||\u00bb global_colors_info=\u00bb{}\u00bb custom_padding__hover=\u00bb|||\u00bb][et_pb_toggle title=\u00bb\u00bfC\u00f3mo ayuda la IA de Yumiwi a mejorar los eventos?\u00bb closed_toggle_background_color=\u00bbrgba(0,0,0,0)\u00bb icon_color=\u00bb#243c35&#8243; open_icon_color=\u00bb#bda55c\u00bb _builder_version=\u00bb4.27.4&#8243; title_text_color=\u00bb#000000&#8243; title_font=\u00bb&#8211;et_global_heading_font|700||on|||||\u00bb title_font_size=\u00bb16px\u00bb title_letter_spacing=\u00bb2px\u00bb title_line_height=\u00bb1.5em\u00bb body_font=\u00bb||||||||\u00bb body_line_height=\u00bb1.8em\u00bb background_color=\u00bb#FFFFFF\u00bb custom_margin=\u00bb||20px|\u00bb animation_style=\u00bbslide\u00bb animation_direction=\u00bbleft\u00bb animation_delay=\u00bb200ms\u00bb animation_intensity_slide=\u00bb5%\u00bb global_colors_info=\u00bb{}\u00bb]<\/p>\n<p>La IA de Yumiwi ofrece an\u00e1lisis predictivos para eventos futuros y puntuaci\u00f3n automatizada de leads basada en el comportamiento de los asistentes. Adem\u00e1s, proporciona un asistente de IA en WhatsApp para soporte en tiempo real y dashboards que permiten adaptar la estrategia del evento sobre la marcha.<\/p>\n<p>[\/et_pb_toggle][et_pb_toggle title=\u00bb\u00bfQu\u00e9 tipo de datos de los asistentes puede rastrear Yumiwi?\u00bb closed_toggle_background_color=\u00bbrgba(0,0,0,0)\u00bb icon_color=\u00bb#243c35&#8243; open_icon_color=\u00bb#bda55c\u00bb _builder_version=\u00bb4.27.4&#8243; title_text_color=\u00bb#000000&#8243; title_font=\u00bb&#8211;et_global_heading_font|700||on|||||\u00bb title_font_size=\u00bb16px\u00bb title_letter_spacing=\u00bb2px\u00bb title_line_height=\u00bb1.5em\u00bb body_font=\u00bb||||||||\u00bb body_line_height=\u00bb1.8em\u00bb background_color=\u00bb#FFFFFF\u00bb custom_margin=\u00bb||20px|\u00bb animation_style=\u00bbslide\u00bb animation_direction=\u00bbleft\u00bb animation_delay=\u00bb200ms\u00bb animation_intensity_slide=\u00bb5%\u00bb global_colors_info=\u00bb{}\u00bb]<\/p>\n<p>Yumiwi rastrea el viaje completo del asistente para medir el ROI del evento. Esto incluye m\u00e9tricas como el tiempo de permanencia en stands o actividades, las tasas de apertura de correos electr\u00f3nicos activados por acciones en el evento y las tasas de conversi\u00f3n por cada segmento de p\u00fablico. Cada interacci\u00f3n es etiquetada y puntuada para generar leads listos para ser gestionados por un CRM.<\/p>\n<p>[\/et_pb_toggle][et_pb_toggle title=\u00bb\u00bfC\u00f3mo funciona la tecnolog\u00eda sin contacto (contactless) de Yumiwi?\u00bb closed_toggle_background_color=\u00bbrgba(0,0,0,0)\u00bb icon_color=\u00bb#243c35&#8243; open_icon_color=\u00bb#bda55c\u00bb _builder_version=\u00bb4.27.4&#8243; title_text_color=\u00bb#000000&#8243; title_font=\u00bb&#8211;et_global_heading_font|700||on|||||\u00bb title_font_size=\u00bb16px\u00bb title_letter_spacing=\u00bb2px\u00bb title_line_height=\u00bb1.5em\u00bb body_font=\u00bb||||||||\u00bb body_line_height=\u00bb1.8em\u00bb background_color=\u00bb#FFFFFF\u00bb custom_margin=\u00bb||20px|\u00bb animation_style=\u00bbslide\u00bb animation_direction=\u00bbleft\u00bb animation_delay=\u00bb200ms\u00bb animation_intensity_slide=\u00bb5%\u00bb global_colors_info=\u00bb{}\u00bb]<\/p>\n<p>Los asistentes utilizan pases digitales almacenados en sus billeteras de Apple o Google Wallet para un acceso r\u00e1pido y seguro. Esta tecnolog\u00eda, a menudo implementada con pulseras NFC, tambi\u00e9n permite realizar pagos sin efectivo (cashless) y se utiliza para mejorar la lealtad y la gamificaci\u00f3n en el evento.<\/p>\n<p>[\/et_pb_toggle][et_pb_toggle title=\u00bb\u00bfQu\u00e9 nivel de personalizaci\u00f3n de marca ofrece Yumiwi?\u00bb closed_toggle_background_color=\u00bbrgba(0,0,0,0)\u00bb icon_color=\u00bb#243c35&#8243; open_icon_color=\u00bb#bda55c\u00bb _builder_version=\u00bb4.27.4&#8243; title_text_color=\u00bb#000000&#8243; title_font=\u00bb&#8211;et_global_heading_font|700||on|||||\u00bb title_font_size=\u00bb16px\u00bb title_letter_spacing=\u00bb2px\u00bb title_line_height=\u00bb1.5em\u00bb body_font=\u00bb||||||||\u00bb body_line_height=\u00bb1.8em\u00bb background_color=\u00bb#FFFFFF\u00bb custom_margin=\u00bb||20px|\u00bb animation_style=\u00bbslide\u00bb animation_direction=\u00bbleft\u00bb animation_delay=\u00bb200ms\u00bb animation_intensity_slide=\u00bb5%\u00bb global_colors_info=\u00bb{}\u00bb]<\/p>\n<p>Yumiwi se especializa en experiencias premium totalmente personalizadas, incluyendo procesos de check-in con la identidad de la marca. A diferencia de otras plataformas, ofrecemos la opci\u00f3n de usar una URL personalizada para el evento, reforzando la presencia de tu marca.<\/p>\n<p>[\/et_pb_toggle][et_pb_toggle title=\u00bb\u00bfPor qu\u00e9 es Yumiwi una mejor alternativa a Cvent para marcas con un enfoque estrat\u00e9gico?\u00bb closed_toggle_background_color=\u00bbrgba(0,0,0,0)\u00bb icon_color=\u00bb#243c35&#8243; open_icon_color=\u00bb#bda55c\u00bb _builder_version=\u00bb4.27.4&#8243; title_text_color=\u00bb#000000&#8243; title_font=\u00bb&#8211;et_global_heading_font|700||on|||||\u00bb title_font_size=\u00bb16px\u00bb title_letter_spacing=\u00bb2px\u00bb title_line_height=\u00bb1.5em\u00bb body_font=\u00bb||||||||\u00bb body_line_height=\u00bb1.8em\u00bb background_color=\u00bb#FFFFFF\u00bb custom_margin=\u00bb||20px|\u00bb animation_style=\u00bbslide\u00bb animation_direction=\u00bbleft\u00bb animation_delay=\u00bb200ms\u00bb animation_intensity_slide=\u00bb5%\u00bb global_colors_info=\u00bb{}\u00bb]<\/p>\n<p>Mientras que las plataformas tradicionales son buenas para la log\u00edstica b\u00e1sica, Yumiwi est\u00e1 dise\u00f1ado para generar un impacto estrat\u00e9gico. Ofrecemos una integraci\u00f3n nativa con CRM para la gesti\u00f3n de leads en tiempo real, pases de lealtad para billeteras digitales, y an\u00e1lisis predictivos con IA, caracter\u00edsticas que generalmente son limitadas o inexistentes en otras plataformas.<\/p>\n<p>[\/et_pb_toggle][\/et_pb_column][\/et_pb_row][\/et_pb_section][et_pb_section fb_built=\u00bb1&#8243; admin_label=\u00bbContac us\u00bb module_id=\u00bbcontact-us\u00bb _builder_version=\u00bb4.27.4&#8243; background_color=\u00bbRGBA(255,255,255,0)\u00bb background_image=\u00bbhttps:\/\/yumiwi.com\/wp-content\/uploads\/2025\/05\/Asset-123@1x.png\u00bb background_position=\u00bbtop_center\u00bb custom_margin=\u00bb||||false|false\u00bb custom_padding=\u00bb100px||||false|false\u00bb locked=\u00bboff\u00bb global_colors_info=\u00bb{}\u00bb][\/et_pb_section]<\/p>\n","protected":false},"excerpt":{"rendered":"<p>Preguntas frecuentesYumiwi es una plataforma estrat\u00e9gica de eventos que utiliza IA, integraci\u00f3n con CRM y datos en tiempo real para ayudar a las marcas a convertir los eventos en motores de crecimiento.A diferencia de las plataformas tradicionales, Yumiwi se centra en el impacto estrat\u00e9gico, la integraci\u00f3n con CRM y la captura de leads post-evento. Est\u00e1 [&hellip;]<\/p>\n","protected":false},"author":2,"featured_media":0,"parent":0,"menu_order":0,"comment_status":"closed","ping_status":"closed","template":"","meta":{"_et_pb_use_builder":"on","_et_pb_old_content":"","_et_gb_content_width":"","footnotes":""},"class_list":["post-1836","page","type-page","status-publish","hentry"],"_links":{"self":[{"href":"https:\/\/yumiwi.com\/es\/wp-json\/wp\/v2\/pages\/1836","targetHints":{"allow":["GET"]}}],"collection":[{"href":"https:\/\/yumiwi.com\/es\/wp-json\/wp\/v2\/pages"}],"about":[{"href":"https:\/\/yumiwi.com\/es\/wp-json\/wp\/v2\/types\/page"}],"author":[{"embeddable":true,"href":"https:\/\/yumiwi.com\/es\/wp-json\/wp\/v2\/users\/2"}],"replies":[{"embeddable":true,"href":"https:\/\/yumiwi.com\/es\/wp-json\/wp\/v2\/comments?post=1836"}],"version-history":[{"count":25,"href":"https:\/\/yumiwi.com\/es\/wp-json\/wp\/v2\/pages\/1836\/revisions"}],"predecessor-version":[{"id":2391,"href":"https:\/\/yumiwi.com\/es\/wp-json\/wp\/v2\/pages\/1836\/revisions\/2391"}],"wp:attachment":[{"href":"https:\/\/yumiwi.com\/es\/wp-json\/wp\/v2\/media?parent=1836"}],"curies":[{"name":"wp","href":"https:\/\/api.w.org\/{rel}","templated":true}]}}