{"id":524,"date":"2024-02-07T11:07:39","date_gmt":"2024-02-07T11:07:39","guid":{"rendered":"https:\/\/yumiwi.com\/blog\/"},"modified":"2026-03-20T10:16:05","modified_gmt":"2026-03-20T10:16:05","slug":"blog","status":"publish","type":"page","link":"https:\/\/yumiwi.com\/es\/blog\/","title":{"rendered":"Blog"},"content":{"rendered":"<p>[et_pb_section fb_built=\u00bb1&#8243; admin_label=\u00bbHome\u00bb _builder_version=\u00bb4.27.4&#8243; _module_preset=\u00bbdefault\u00bb background_image=\u00bbhttps:\/\/yumiwi.com\/wp-content\/uploads\/2025\/06\/Asset-138@1x.png\u00bb background_position=\u00bbbottom_center\u00bb custom_padding=\u00bb100px||50px||false|false\u00bb animation_style=\u00bbfade\u00bb background_last_edited=\u00bbon|phone\u00bb background_image_phone=\u00bbhttps:\/\/yumiwi.com\/wp-content\/uploads\/2025\/06\/Asset-138@1x.png\u00bb background_enable_image_phone=\u00bbon\u00bb parallax_phone=\u00bboff\u00bb locked=\u00bboff\u00bb global_colors_info=\u00bb{}\u00bb][et_pb_row _builder_version=\u00bb4.27.4&#8243; _module_preset=\u00bbdefault\u00bb custom_margin=\u00bb-60px||||false|false\u00bb custom_padding=\u00bb50px||50px||false|false\u00bb animation_style=\u00bbfade\u00bb global_colors_info=\u00bb{}\u00bb][et_pb_column type=\u00bb4_4&#8243; _builder_version=\u00bb4.27.4&#8243; _module_preset=\u00bbdefault\u00bb global_colors_info=\u00bb{}\u00bb][et_pb_text content_tablet=\u00bb<\/p>\n<h1 style=%22text-align: center;%22><span style=%22color: #ffffff;%22>Why guess when you can know?<\/span><\/h1>\n<p>\u00bb content_phone=\u00bb<\/p>\n<h1>Bienvenido al blog de Yumiwi<\/h1>\n<p>\u00bb content_last_edited=\u00bbon|phone\u00bb _builder_version=\u00bb4.27.4&#8243; _module_preset=\u00bbdefault\u00bb text_font=\u00bb&#8211;et_global_heading_font|700|||||||\u00bb text_font_size=\u00bb80px\u00bb header_font=\u00bb&#8211;et_global_heading_font|900|||||||\u00bb header_text_align=\u00bbcenter\u00bb header_text_color=\u00bb#bda55c\u00bb header_font_size=\u00bb90px\u00bb header_2_font=\u00bb|700|||||||\u00bb header_2_text_align=\u00bbcenter\u00bb header_2_text_color=\u00bb#bda55c\u00bb header_2_font_size=\u00bb62px\u00bb custom_padding=\u00bb||0px||false|false\u00bb text_font_size_tablet=\u00bb42px\u00bb text_font_size_phone=\u00bb34px\u00bb text_font_size_last_edited=\u00bbon|phone\u00bb header_font_size_tablet=\u00bb54px\u00bb header_font_size_phone=\u00bb40px\u00bb header_font_size_last_edited=\u00bbon|phone\u00bb global_colors_info=\u00bb{}\u00bb]<\/p>\n<h2>Bienvenido al blog de Yumiwi<\/h2>\n<p>[\/et_pb_text][et_pb_text _builder_version=\u00bb4.27.4&#8243; _module_preset=\u00bbdefault\u00bb text_font=\u00bb&#8211;et_global_body_font|700|||||||\u00bb text_font_size=\u00bb70px\u00bb header_font=\u00bbHind|700|||||||\u00bb header_text_align=\u00bbcenter\u00bb header_text_color=\u00bb#000000&#8243; header_font_size=\u00bb80px\u00bb header_2_font=\u00bbHind|300|||||||\u00bb header_2_text_color=\u00bb#FFFFFF\u00bb header_2_font_size=\u00bb42px\u00bb header_2_letter_spacing=\u00bb2px\u00bb custom_margin=\u00bb||||false|false\u00bb text_font_size_tablet=\u00bb42px\u00bb text_font_size_phone=\u00bb42px\u00bb text_font_size_last_edited=\u00bbon|phone\u00bb header_2_font_size_tablet=\u00bb42px\u00bb header_2_font_size_phone=\u00bb26px\u00bb header_2_font_size_last_edited=\u00bbon|desktop\u00bb global_colors_info=\u00bb{}\u00bb]<\/p>\n<h2 style=\"text-align: center;\">Su fuente de referencia para obtener informaci\u00f3n, consejos y estrategias innovadoras en el mundo de la tecnolog\u00eda de eventos y el \u00e9xito basado en datos.<\/h2>\n<p>[\/et_pb_text][\/et_pb_column][\/et_pb_row][\/et_pb_section][et_pb_section fb_built=\u00bb1&#8243; _builder_version=\u00bb4.27.4&#8243; _module_preset=\u00bbdefault\u00bb background_color=\u00bbRGBA(255,255,255,0)\u00bb background_image=\u00bbhttps:\/\/yumiwi.com\/wp-content\/uploads\/2025\/04\/Asset-101150.png\u00bb background_position=\u00bbtop_center\u00bb custom_padding=\u00bb100px|||||\u00bb animation_style=\u00bbfade\u00bb global_colors_info=\u00bb{}\u00bb][et_pb_row _builder_version=\u00bb4.24.0&#8243; _module_preset=\u00bbdefault\u00bb global_colors_info=\u00bb{}\u00bb][et_pb_column type=\u00bb4_4&#8243; _builder_version=\u00bb4.24.0&#8243; _module_preset=\u00bbdefault\u00bb global_colors_info=\u00bb{}\u00bb][et_pb_blog fullwidth=\u00bboff\u00bb include_categories=\u00bball\u00bb excerpt_length=\u00bb250&#8243; show_more=\u00bbon\u00bb show_author=\u00bboff\u00bb _builder_version=\u00bb4.24.0&#8243; _module_preset=\u00bbdefault\u00bb header_font=\u00bbLato|700||on|||||\u00bb header_text_align=\u00bbleft\u00bb header_letter_spacing=\u00bb2px\u00bb header_line_height=\u00bb1.5em\u00bb body_font=\u00bbLato||||||||\u00bb body_font_size=\u00bb16px\u00bb meta_font=\u00bbLato|700|on||||||\u00bb meta_text_color=\u00bb#b5b5b5&#8243; meta_font_size=\u00bb13px\u00bb meta_letter_spacing=\u00bb1px\u00bb read_more_font=\u00bbLato|||on|||||\u00bb read_more_text_color=\u00bb#159b89&#8243; read_more_line_height=\u00bb3em\u00bb pagination_font=\u00bbLato|||on|||||\u00bb pagination_text_color=\u00bb#10a580&#8243; pagination_letter_spacing=\u00bb3px\u00bb global_colors_info=\u00bb{}\u00bb][\/et_pb_blog][\/et_pb_column][\/et_pb_row][\/et_pb_section][et_pb_section fb_built=\u00bb1&#8243; admin_label=\u00bbContac us\u00bb module_id=\u00bbcontact-us\u00bb _builder_version=\u00bb4.27.4&#8243; background_color=\u00bbRGBA(255,255,255,0)\u00bb background_image=\u00bbhttps:\/\/yumiwi.com\/wp-content\/uploads\/2025\/05\/Asset-123@1x.png\u00bb background_position=\u00bbtop_center\u00bb custom_margin=\u00bb||||false|false\u00bb custom_padding=\u00bb100px||||false|false\u00bb locked=\u00bboff\u00bb global_colors_info=\u00bb{}\u00bb][\/et_pb_section]<\/p>\n","protected":false},"excerpt":{"rendered":"<p>Bienvenido al blog de YumiwiSu fuente de referencia para obtener informaci\u00f3n, consejos y estrategias innovadoras en el mundo de la tecnolog\u00eda de eventos y el \u00e9xito basado en datos.<\/p>\n","protected":false},"author":2,"featured_media":0,"parent":0,"menu_order":0,"comment_status":"closed","ping_status":"closed","template":"","meta":{"_et_pb_use_builder":"on","_et_pb_old_content":"","_et_gb_content_width":"","footnotes":""},"class_list":["post-524","page","type-page","status-publish","hentry"],"_links":{"self":[{"href":"https:\/\/yumiwi.com\/es\/wp-json\/wp\/v2\/pages\/524","targetHints":{"allow":["GET"]}}],"collection":[{"href":"https:\/\/yumiwi.com\/es\/wp-json\/wp\/v2\/pages"}],"about":[{"href":"https:\/\/yumiwi.com\/es\/wp-json\/wp\/v2\/types\/page"}],"author":[{"embeddable":true,"href":"https:\/\/yumiwi.com\/es\/wp-json\/wp\/v2\/users\/2"}],"replies":[{"embeddable":true,"href":"https:\/\/yumiwi.com\/es\/wp-json\/wp\/v2\/comments?post=524"}],"version-history":[{"count":22,"href":"https:\/\/yumiwi.com\/es\/wp-json\/wp\/v2\/pages\/524\/revisions"}],"predecessor-version":[{"id":2389,"href":"https:\/\/yumiwi.com\/es\/wp-json\/wp\/v2\/pages\/524\/revisions\/2389"}],"wp:attachment":[{"href":"https:\/\/yumiwi.com\/es\/wp-json\/wp\/v2\/media?parent=524"}],"curies":[{"name":"wp","href":"https:\/\/api.w.org\/{rel}","templated":true}]}}