{"id":525,"date":"2024-02-07T15:20:16","date_gmt":"2024-02-07T15:20:16","guid":{"rendered":"https:\/\/yumiwi.com\/pongase-en-contacto-con\/"},"modified":"2026-03-20T10:16:24","modified_gmt":"2026-03-20T10:16:24","slug":"contacto","status":"publish","type":"page","link":"https:\/\/yumiwi.com\/es\/contacto\/","title":{"rendered":"Contacto"},"content":{"rendered":"<p>[et_pb_section fb_built=\u00bb1&#8243; admin_label=\u00bbHome\u00bb _builder_version=\u00bb4.27.4&#8243; _module_preset=\u00bbdefault\u00bb background_image=\u00bbhttps:\/\/yumiwi.com\/wp-content\/uploads\/2025\/06\/Asset-138@1x.png\u00bb background_position=\u00bbbottom_center\u00bb custom_padding=\u00bb100px||50px||false|false\u00bb animation_style=\u00bbfade\u00bb background_last_edited=\u00bbon|desktop\u00bb background_image_phone=\u00bbhttps:\/\/yumiwi.com\/wp-content\/uploads\/2025\/06\/Asset-138@1x.png\u00bb background_enable_image_phone=\u00bbon\u00bb parallax_phone=\u00bboff\u00bb locked=\u00bboff\u00bb global_colors_info=\u00bb{}\u00bb][et_pb_row _builder_version=\u00bb4.27.4&#8243; _module_preset=\u00bbdefault\u00bb custom_margin=\u00bb-60px||||false|false\u00bb custom_padding=\u00bb50px||50px||false|false\u00bb animation_style=\u00bbfade\u00bb global_colors_info=\u00bb{}\u00bb][et_pb_column type=\u00bb4_4&#8243; _builder_version=\u00bb4.27.4&#8243; _module_preset=\u00bbdefault\u00bb global_colors_info=\u00bb{}\u00bb][et_pb_text content_tablet=\u00bb<\/p>\n<h1 style=%22text-align: center;%22><span style=%22color: #ffffff;%22>Why guess when you can know?<\/span><\/h1>\n<p>\u00bb content_phone=\u00bb<\/p>\n<h1>\u00bfQuieres hablar de alg\u00fan evento en mente?<\/h1>\n<p>\u00bb content_last_edited=\u00bbon|phone\u00bb _builder_version=\u00bb4.27.4&#8243; _module_preset=\u00bbdefault\u00bb text_font=\u00bb&#8211;et_global_heading_font|700|||||||\u00bb text_text_color=\u00bb#bda55c\u00bb text_font_size=\u00bb80px\u00bb header_font=\u00bb&#8211;et_global_heading_font|900|||||||\u00bb header_text_align=\u00bbcenter\u00bb header_text_color=\u00bb#bda55c\u00bb header_font_size=\u00bb90px\u00bb header_2_font=\u00bb|700|||||||\u00bb header_2_text_align=\u00bbcenter\u00bb header_2_text_color=\u00bb#bda55c\u00bb header_2_font_size=\u00bb62px\u00bb custom_padding=\u00bb||0px||false|false\u00bb text_font_size_tablet=\u00bb42px\u00bb text_font_size_phone=\u00bb34px\u00bb text_font_size_last_edited=\u00bbon|phone\u00bb header_font_size_tablet=\u00bb54px\u00bb header_font_size_phone=\u00bb40px\u00bb header_font_size_last_edited=\u00bbon|phone\u00bb global_colors_info=\u00bb{}\u00bb]<\/p>\n<h2>\u00bfQuieres hablar de alg\u00fan<\/h2>\n<h2>evento en mente?<\/h2>\n<p>[\/et_pb_text][et_pb_text _builder_version=\u00bb4.27.4&#8243; _module_preset=\u00bbdefault\u00bb text_font=\u00bb&#8211;et_global_body_font|700|||||||\u00bb text_font_size=\u00bb70px\u00bb header_font=\u00bbHind|700|||||||\u00bb header_text_align=\u00bbcenter\u00bb header_text_color=\u00bb#000000&#8243; header_font_size=\u00bb80px\u00bb header_2_font=\u00bbHind|300|||||||\u00bb header_2_text_color=\u00bb#FFFFFF\u00bb header_2_font_size=\u00bb42px\u00bb header_2_letter_spacing=\u00bb2px\u00bb custom_margin=\u00bb||||false|false\u00bb text_font_size_tablet=\u00bb42px\u00bb text_font_size_phone=\u00bb42px\u00bb text_font_size_last_edited=\u00bbon|phone\u00bb header_2_font_size_tablet=\u00bb42px\u00bb header_2_font_size_phone=\u00bb26px\u00bb header_2_font_size_last_edited=\u00bbon|desktop\u00bb global_colors_info=\u00bb{}\u00bb]<\/p>\n<h2 style=\"text-align: center;\">Ponte en contacto con nosotros para descubrir c\u00f3mo nuestras soluciones innovadoras pueden transformar tu pr\u00f3ximo evento en un \u00e9xito inolvidable.<\/h2>\n<p>[\/et_pb_text][\/et_pb_column][\/et_pb_row][\/et_pb_section][et_pb_section fb_built=\u00bb1&#8243; admin_label=\u00bbContact us\u00bb module_id=\u00bbcontact-us\u00bb _builder_version=\u00bb4.27.4&#8243; _module_preset=\u00bbdefault\u00bb background_color=\u00bbRGBA(255,255,255,0)\u00bb background_image=\u00bbhttps:\/\/yumiwi.com\/wp-content\/uploads\/2025\/04\/Asset-101150.png\u00bb background_position=\u00bbtop_center\u00bb custom_margin=\u00bb||||false|false\u00bb custom_padding=\u00bb100px||||false|false\u00bb animation_style=\u00bbfade\u00bb locked=\u00bboff\u00bb global_colors_info=\u00bb{}\u00bb][et_pb_row column_structure=\u00bb1_3,1_3,1_3&#8243; _builder_version=\u00bb4.27.4&#8243; _module_preset=\u00bbdefault\u00bb global_colors_info=\u00bb{}\u00bb][et_pb_column type=\u00bb1_3&#8243; _builder_version=\u00bb4.27.4&#8243; _module_preset=\u00bbdefault\u00bb global_colors_info=\u00bb{}\u00bb][et_pb_blurb url=\u00bb#\u00bb use_icon=\u00bbon\u00bb font_icon=\u00bb&#xe076;||divi||400&#8243; icon_color=\u00bb#0a3e35&#8243; image_icon_width=\u00bb24px\u00bb _builder_version=\u00bb4.27.4&#8243; header_font=\u00bb|600||on|||||\u00bb header_font_size=\u00bb14px\u00bb header_letter_spacing=\u00bb2px\u00bb header_line_height=\u00bb1.8em\u00bb body_font=\u00bb||||||||\u00bb custom_margin=\u00bb||20px|\u00bb icon_font_size=\u00bb24px\u00bb global_colors_info=\u00bb{}\u00bb]<\/p>\n<h3 style=\"text-align: center;\"><strong>info@yumiwi.com<\/strong><\/h3>\n<p>[\/et_pb_blurb][\/et_pb_column][et_pb_column type=\u00bb1_3&#8243; _builder_version=\u00bb4.27.4&#8243; _module_preset=\u00bbdefault\u00bb global_colors_info=\u00bb{}\u00bb][et_pb_blurb url=\u00bb#\u00bb use_icon=\u00bbon\u00bb font_icon=\u00bb&#xe081;||divi||400&#8243; icon_color=\u00bb#0a3e35&#8243; image_icon_width=\u00bb24px\u00bb _builder_version=\u00bb4.27.4&#8243; header_font=\u00bb|600||on|||||\u00bb header_font_size=\u00bb14px\u00bb header_letter_spacing=\u00bb2px\u00bb header_line_height=\u00bb1.8em\u00bb body_font=\u00bb||||||||\u00bb custom_margin=\u00bb||20px|\u00bb icon_font_size=\u00bb24px\u00bb global_colors_info=\u00bb{}\u00bb]<\/p>\n<h3 style=\"text-align: center;\"><strong>Calle Segundo Mata 1 &#8211; Madrid &#8211; 28224 &#8211; Spain<\/strong><\/h3>\n<p>[\/et_pb_blurb][\/et_pb_column][et_pb_column type=\u00bb1_3&#8243; _builder_version=\u00bb4.27.4&#8243; _module_preset=\u00bbdefault\u00bb global_colors_info=\u00bb{}\u00bb][et_pb_blurb url=\u00bb#\u00bb use_icon=\u00bbon\u00bb font_icon=\u00bb&#xf10b;||fa||900&#8243; icon_color=\u00bb#0a3e35&#8243; image_icon_width=\u00bb24px\u00bb _builder_version=\u00bb4.27.4&#8243; header_font=\u00bb|600||on|||||\u00bb header_font_size=\u00bb14px\u00bb header_letter_spacing=\u00bb2px\u00bb header_line_height=\u00bb1.8em\u00bb body_font=\u00bb||||||||\u00bb custom_margin=\u00bb||20px|\u00bb icon_font_size=\u00bb24px\u00bb global_colors_info=\u00bb{}\u00bb]<\/p>\n<h3 style=\"text-align: center;\"><strong>+34 911 555 515<\/strong><\/h3>\n<p>[\/et_pb_blurb][\/et_pb_column][\/et_pb_row][\/et_pb_section]<\/p>\n","protected":false},"excerpt":{"rendered":"<p>\u00bfQuieres hablar de alg\u00fan evento en mente?Ponte en contacto con nosotros para descubrir c\u00f3mo nuestras soluciones innovadoras pueden transformar tu pr\u00f3ximo evento en un \u00e9xito inolvidable.info@yumiwi.comCalle Segundo Mata 1 &#8211; Madrid &#8211; 28224 &#8211; Spain+34 911 555 515<\/p>\n","protected":false},"author":1,"featured_media":0,"parent":0,"menu_order":0,"comment_status":"closed","ping_status":"closed","template":"","meta":{"_et_pb_use_builder":"on","_et_pb_old_content":"","_et_gb_content_width":"","footnotes":""},"class_list":["post-525","page","type-page","status-publish","hentry"],"_links":{"self":[{"href":"https:\/\/yumiwi.com\/es\/wp-json\/wp\/v2\/pages\/525","targetHints":{"allow":["GET"]}}],"collection":[{"href":"https:\/\/yumiwi.com\/es\/wp-json\/wp\/v2\/pages"}],"about":[{"href":"https:\/\/yumiwi.com\/es\/wp-json\/wp\/v2\/types\/page"}],"author":[{"embeddable":true,"href":"https:\/\/yumiwi.com\/es\/wp-json\/wp\/v2\/users\/1"}],"replies":[{"embeddable":true,"href":"https:\/\/yumiwi.com\/es\/wp-json\/wp\/v2\/comments?post=525"}],"version-history":[{"count":29,"href":"https:\/\/yumiwi.com\/es\/wp-json\/wp\/v2\/pages\/525\/revisions"}],"predecessor-version":[{"id":2390,"href":"https:\/\/yumiwi.com\/es\/wp-json\/wp\/v2\/pages\/525\/revisions\/2390"}],"wp:attachment":[{"href":"https:\/\/yumiwi.com\/es\/wp-json\/wp\/v2\/media?parent=525"}],"curies":[{"name":"wp","href":"https:\/\/api.w.org\/{rel}","templated":true}]}}