{"id":991,"date":"2025-02-26T22:57:25","date_gmt":"2025-02-26T22:57:25","guid":{"rendered":"https:\/\/yumiwi.com\/?page_id=991"},"modified":"2025-02-26T23:22:21","modified_gmt":"2025-02-26T23:22:21","slug":"politica-de-privacidad","status":"publish","type":"page","link":"https:\/\/yumiwi.com\/es\/politica-de-privacidad\/","title":{"rendered":"Pol\u00edtica de privacidad"},"content":{"rendered":"<p>[et_pb_section fb_built=\u00bb1&#8243; _builder_version=\u00bb4.24.0&#8243; _module_preset=\u00bbdefault\u00bb global_colors_info=\u00bb{}\u00bb theme_builder_area=\u00bbpost_content\u00bb][et_pb_row _builder_version=\u00bb4.24.0&#8243; _module_preset=\u00bbdefault\u00bb global_colors_info=\u00bb{}\u00bb theme_builder_area=\u00bbpost_content\u00bb custom_margin=\u00bb|auto|0px|auto||\u00bb][et_pb_column type=\u00bb4_4&#8243; _builder_version=\u00bb4.24.0&#8243; _module_preset=\u00bbdefault\u00bb global_colors_info=\u00bb{}\u00bb theme_builder_area=\u00bbpost_content\u00bb][et_pb_text _builder_version=\u00bb4.24.0&#8243; _module_preset=\u00bbdefault\u00bb text_font=\u00bbArchivo Black||||||||\u00bb global_colors_info=\u00bb{}\u00bb theme_builder_area=\u00bbpost_content\u00bb custom_padding=\u00bb||0px|||\u00bb]<\/p>\n<h1><span style=\"color: rgba(255, 255, 255, 0);\"><span style=\"color: #000000;\"><b>POL\u00cdTICA DE PRIVACIDAD<\/b><\/span><\/span><\/h1>\n<p>[\/et_pb_text][et_pb_text _builder_version=\u00bb4.24.0&#8243; _module_preset=\u00bbdefault\u00bb text_font=\u00bbHind||||||||\u00bb hover_enabled=\u00bb0&#8243; global_colors_info=\u00bb{}\u00bb theme_builder_area=\u00bbpost_content\u00bb custom_padding=\u00bb||0px|||\u00bb text_font_size=\u00bb18px\u00bb text_line_height=\u00bb1.2em\u00bb sticky_enabled=\u00bb0&#8243;]<\/p>\n<p><span style=\"color: #000000;\"><b>1. INFORMACI\u00d3N AL USUARIO<\/b><br \/><b><\/b><\/span><\/p>\n<p><span style=\"color: #000000;\"><b>\u00bfQui\u00e9n es el responsable del tratamiento de tus datos personales?<\/b><\/span><\/p>\n<p><span style=\"color: #000000;\"><b>YUMIWI DATA, S.L.<\/b> es el RESPONSABLE del tratamiento de los datos personales del USUARIO y le informa de que estos datos ser\u00e1n tratados de conformidad con lo dispuesto en el Reglamento (UE) 2016\/679, de 27 de abril General de Protecci\u00f3n de Datos (GDPR o RGPD), y la Ley Org\u00e1nica 3\/2018, de 5 de diciembre de Protecci\u00f3n de Datos Personales y de garant\u00eda de derechos digitales (LOPDGDD).<\/span><\/p>\n<p><span style=\"color: #000000;\"><b>Delegado de Protecci\u00f3n de Datos<\/b><\/span><\/p>\n<p><span style=\"color: #000000;\">Hemos designado un Delegado de Protecci\u00f3n de Datos con quien puede contactar en <a href=\"mailto:legal@yumiwi.com\">legal@yumiwi.com<\/a><\/span><\/p>\n<p><span style=\"color: #000000;\"><\/span><\/p>\n<p><span style=\"color: #000000;\"><b>\u00bfPara qu\u00e9 tratamos tus datos personales?<\/b><\/span><\/p>\n<p><span style=\"color: #000000;\">Gestionamos datos personales con diferentes finalidades. La principal es para proporcionar los servicios que Yumiwi ofrece como gestor de eventos.<\/span><\/p>\n<p><span style=\"color: #000000;\">Las operaciones previstas para realizar el tratamiento son:<\/span><\/p>\n<ul>\n<li style=\"list-style-type: none;\">\n<ul>\n<li style=\"list-style-type: none;\">\n<ul>\n<li><span style=\"color: #000000;\">Gestionar relaciones comerciales y profesionales con clientes y proveedores<\/span><\/li>\n<li><span style=\"color: #000000;\">Remisi\u00f3n de comunicaciones comerciales publicitarias por e-mail, fax, SMS, MMS, redes sociales o cualquier otro medio electr\u00f3nico o f\u00edsico, presente o futuro, que posibilite realizar comunicaciones comerciales. Estas comunicaciones ser\u00e1n realizadas por el RESPONSABLE y estar\u00e1n relacionadas con sus productos y servicios, o de sus colaboradores o proveedores, con los que este haya alcanzado alg\u00fan acuerdo de promoci\u00f3n. En este caso, los terceros nunca tendr\u00e1n acceso a los datos personales.<span class=\"Apple-converted-space\">\u00a0<\/span><\/span><\/li>\n<li><span style=\"color: #000000;\">Realizar estudios de mercado y an\u00e1lisis estad\u00edsticos.<span class=\"Apple-converted-space\">\u00a0<\/span><\/span><\/li>\n<li><span style=\"color: #000000;\">Tramitar encargos, solicitudes, dar respuesta a las consultas o cualquier tipo de petici\u00f3n que sea realizada por el USUARIO a trav\u00e9s de cualquiera de las formas de contacto que se ponen a su disposici\u00f3n en la p\u00e1gina web del RESPONSABLE.<\/span><\/li>\n<li><span style=\"color: #000000;\">Cuando prestamos servicios a nuestros clientes podemos acceder a los datos de los participantes en los eventos. Dicho acceso lo realizar\u00e1 YUMIWI como \u201cENCARGADO DE TRATAMIENTO\u201d y siempre suscribir\u00e1 con sus clientes un contrato de tratamiento de datos y seguir\u00e1 las instrucciones que el RESPONSABLE determine en cada caso.<\/span><\/li>\n<\/ul>\n<\/li>\n<\/ul>\n<\/li>\n<\/ul>\n<p><span style=\"color: #000000;\"><b>\u00bfPor qu\u00e9 motivo podemos tratar tus datos personales? Legitimaci\u00f3n<\/b><\/span><\/p>\n<p><span style=\"color: #000000;\">El tratamiento que realizamos de los datos personales est\u00e1 legitimado por el art\u00edculo 6 del GDPR de la siguiente forma:<\/span><\/p>\n<ul>\n<li style=\"list-style-type: none;\">\n<ul>\n<li style=\"list-style-type: none;\">\n<ul>\n<li><span style=\"color: #000000;\">Ejecuci\u00f3n del contrato para las relaciones con clientes y proveedores<\/span><\/li>\n<li><span style=\"color: #000000;\">Con el consentimiento del USUARIO: remisi\u00f3n de comunicaciones comerciales<span class=\"Apple-converted-space\">\u00a0<\/span><\/span><\/li>\n<li><span style=\"color: #000000;\">Por inter\u00e9s leg\u00edtimo del RESPONSABLE: realizar estudios de mercado, an\u00e1lisis estad\u00edsticos, etc. y tramitar encargos, solicitudes, gesti\u00f3n de candidaturas etc. a petici\u00f3n del USUARIO.<\/span><\/li>\n<\/ul>\n<\/li>\n<\/ul>\n<\/li>\n<\/ul>\n<p><b style=\"color: #000000; font-size: 14px;\">\u00bfDurante cu\u00e1nto tiempo guardaremos tus datos personales?<\/b><\/p>\n<p><span style=\"color: #000000;\">Se conservar\u00e1n durante no m\u00e1s tiempo del necesario para mantener el fin del tratamiento o existan prescripciones legales que dictaminen su custodia y cuando ya no sea necesario para ello, se suprimir\u00e1n con medidas de seguridad adecuadas para garantizar la anonimizaci\u00f3n de los datos o la destrucci\u00f3n total de los mismos.<span class=\"Apple-converted-space\">\u00a0<\/span><\/span><\/p>\n<p><span style=\"color: #000000;\"><b><\/b><\/span><\/p>\n<p><span style=\"color: #000000;\"><b>\u00bfA qui\u00e9n facilitamos tus datos personales?<\/b><\/span><\/p>\n<p><span style=\"color: #000000;\">No est\u00e1 prevista ninguna comunicaci\u00f3n de datos personales a terceros salvo, si fuese necesario para el desarrollo y ejecuci\u00f3n de las finalidades del tratamiento, a nuestros proveedores de servicios (hosting, env\u00f3 de comunicaciones), con los cuales el RESPONSABLE tiene suscritos los contratos de confidencialidad y de encargado de tratamiento exigidos por la normativa vigente de privacidad.<span class=\"Apple-converted-space\">\u00a0<\/span><\/span><\/p>\n<p><span style=\"color: #000000;\">Nuestros servidores se encuentran en la Uni\u00f3n Europea.<\/span><\/p>\n<p><span style=\"color: #000000;\"><b><\/b><\/span><\/p>\n<p><span style=\"color: #000000;\"><b>\u00bfCu\u00e1les son tus derechos?<\/b><\/span><\/p>\n<p><span style=\"color: #000000;\">Los derechos que asisten al USUARIO son:<\/span><\/p>\n<ul>\n<li><span style=\"color: #000000;\">Derecho a retirar el consentimiento en cualquier momento cuando esta sea la base de legitimaci\u00f3n<\/span><\/li>\n<li><span style=\"color: #000000;\">Derecho de acceso, rectificaci\u00f3n, portabilidad y supresi\u00f3n de sus datos, y de limitaci\u00f3n u oposici\u00f3n a su tratamiento.<\/span><\/li>\n<li><span style=\"color: #000000;\">Derecho a presentar una reclamaci\u00f3n ante la autoridad de control (www.aepd.es) si considera que el tratamiento no se ajusta a la normativa vigente.<\/span><\/li>\n<\/ul>\n<p><span style=\"color: #000000;\"><b>Datos de contacto para ejercer sus derechos y contactar con nuestro Delegado de Protecci\u00f3n de Datos<\/b>:<\/span><\/p>\n<p><span style=\"color: #000000;\">YUMIWI DATA, S.L.. Calle Segundo Mata, 1 Oficina 9 &#8211; 28224 Pozuelo de Alarc\u00f3n (Madrid). E-mail: legal@yumiwi.com<\/span><\/p>\n<p>&nbsp;<\/p>\n<p><span style=\"color: #000000;\"><b>2. CAR\u00c1CTER OBLIGATORIO O FACULTATIVO DE LA INFORMACI\u00d3N FACILITADA POR EL USUARIO<\/b><\/span><\/p>\n<p><span style=\"color: #000000;\">Los USUARIOS, mediante la marcaci\u00f3n de las casillas correspondientes y la entrada de datos en los campos, marcados con un asterisco (*) en el formulario de contacto o presentados en formularios de descarga, aceptan expresamente y de forma libre e inequ\u00edvoca, que sus datos son necesarios para atender su petici\u00f3n, por parte del prestador, siendo voluntaria la inclusi\u00f3n de datos en los campos restantes. El USUARIO garantiza que los datos personales facilitados al RESPONSABLE son veraces y se hace responsable de comunicar cualquier modificaci\u00f3n de los mismos.<\/span><\/p>\n<p><span style=\"color: #000000;\">El RESPONSABLE informa de que todos los datos solicitados a trav\u00e9s del sitio web son obligatorios, ya que son necesarios para la prestaci\u00f3n de un servicio \u00f3ptimo al USUARIO. En caso de que no se faciliten todos los datos, no se garantiza que la informaci\u00f3n y servicios facilitados sean completamente ajustados a sus necesidades.<\/span><\/p>\n<p><span style=\"color: #000000;\"><b>3. MEDIDAS DE SEGURIDAD<\/b><\/span><\/p>\n<p><span style=\"color: #000000;\">Que de conformidad con lo dispuesto en las normativas vigentes en protecci\u00f3n de datos personales, el RESPONSABLE est\u00e1 cumpliendo con todas las disposiciones de las normativas GDPR y LOPDGDD para el tratamiento de los datos personales de su responsabilidad, y manifiestamente con los principios descritos en el art\u00edculo 5 del GDPR, por los cuales son tratados de manera l\u00edcita, leal y transparente en relaci\u00f3n con el interesado y adecuados, pertinentes y limitados a lo necesario en relaci\u00f3n con los fines para los que son tratados.<\/span><\/p>\n<p><span style=\"color: #000000;\">El RESPONSABLE garantiza que ha implementado pol\u00edticas t\u00e9cnicas y organizativas apropiadas para aplicar las medidas de seguridad que establecen el GDPR y la LOPDGDD con el fin de proteger los derechos y libertades de los USUARIOS y les ha comunicado la informaci\u00f3n adecuada para que puedan ejercerlos.<\/span><\/p>\n<p><span style=\"color: #000000;\">Para m\u00e1s informaci\u00f3n sobre las garant\u00edas de privacidad, puedes dirigirte al<b> <\/b>RESPONSABLE a trav\u00e9s de YUMIWI DATA, S.L.. Calle Segundo Mata, 1 Oficina 9 &#8211; 28224 Pozuelo de Alarc\u00f3n (Madrid). E-mail: <a href=\"mailto:legal@yumiwi.com\" style=\"color: #000000;\">legal@yumiwi.com<\/a><\/span><\/p>\n<p><span style=\"color: #000000;\"><\/span><\/p>\n<p><em><span style=\"color: #000000;\">Actualizada en enero de 2025<\/span><\/em><\/p>\n<p>[\/et_pb_text][\/et_pb_column][\/et_pb_row][\/et_pb_section]<\/p>\n","protected":false},"excerpt":{"rendered":"<p>POL\u00cdTICA DE PRIVACIDAD1. INFORMACI\u00d3N AL USUARIO \u00bfQui\u00e9n es el responsable del tratamiento de tus datos personales? YUMIWI DATA, S.L. es el RESPONSABLE del tratamiento de los datos personales del USUARIO y le informa de que estos datos ser\u00e1n tratados de conformidad con lo dispuesto en el Reglamento (UE) 2016\/679, de 27 de abril General de [&hellip;]<\/p>\n","protected":false},"author":2,"featured_media":0,"parent":0,"menu_order":0,"comment_status":"closed","ping_status":"closed","template":"","meta":{"_et_pb_use_builder":"on","_et_pb_old_content":"","_et_gb_content_width":"","footnotes":""},"class_list":["post-991","page","type-page","status-publish","hentry"],"_links":{"self":[{"href":"https:\/\/yumiwi.com\/es\/wp-json\/wp\/v2\/pages\/991","targetHints":{"allow":["GET"]}}],"collection":[{"href":"https:\/\/yumiwi.com\/es\/wp-json\/wp\/v2\/pages"}],"about":[{"href":"https:\/\/yumiwi.com\/es\/wp-json\/wp\/v2\/types\/page"}],"author":[{"embeddable":true,"href":"https:\/\/yumiwi.com\/es\/wp-json\/wp\/v2\/users\/2"}],"replies":[{"embeddable":true,"href":"https:\/\/yumiwi.com\/es\/wp-json\/wp\/v2\/comments?post=991"}],"version-history":[{"count":8,"href":"https:\/\/yumiwi.com\/es\/wp-json\/wp\/v2\/pages\/991\/revisions"}],"predecessor-version":[{"id":1019,"href":"https:\/\/yumiwi.com\/es\/wp-json\/wp\/v2\/pages\/991\/revisions\/1019"}],"wp:attachment":[{"href":"https:\/\/yumiwi.com\/es\/wp-json\/wp\/v2\/media?parent=991"}],"curies":[{"name":"wp","href":"https:\/\/api.w.org\/{rel}","templated":true}]}}